{"id":208,"date":"2020-12-28T10:29:51","date_gmt":"2020-12-28T10:29:51","guid":{"rendered":"https:\/\/www.fairtrade.lv\/sample-page\/"},"modified":"2020-12-30T11:41:19","modified_gmt":"2020-12-30T11:41:19","slug":"sample-page","status":"publish","type":"page","link":"https:\/\/www.fairtrade.lv\/ru\/","title":{"rendered":"Priek\u0161\u0113j\u0101 lapa"},"content":{"rendered":"","protected":false},"excerpt":{"rendered":"","protected":false},"author":1,"featured_media":0,"parent":0,"menu_order":0,"comment_status":"closed","ping_status":"closed","template":"template-home.php","meta":[],"yoast_head":"<!-- This site is optimized with the Yoast SEO plugin v17.1 - https:\/\/yoast.com\/wordpress\/plugins\/seo\/ -->\n<meta name=\"robots\" content=\"index, follow, max-snippet:-1, max-image-preview:large, max-video-preview:-1\" \/>\n<link rel=\"canonical\" href=\"https:\/\/www.fairtrade.lv\/ru\/\" \/>\n<meta property=\"og:locale\" content=\"ru_RU\" \/>\n<meta property=\"og:type\" content=\"article\" \/>\n<meta property=\"og:title\" content=\"Priek\u0161\u0113j\u0101 lapa - Fairtrade LV\" \/>\n<meta property=\"og:url\" content=\"https:\/\/www.fairtrade.lv\/ru\/\" \/>\n<meta property=\"og:site_name\" content=\"Fairtrade LV\" \/>\n<meta property=\"article:modified_time\" content=\"2020-12-30T11:41:19+00:00\" \/>\n<meta name=\"twitter:card\" content=\"summary_large_image\" \/>\n<script type=\"application\/ld+json\" class=\"yoast-schema-graph\">{\"@context\":\"https:\/\/schema.org\",\"@graph\":[{\"@type\":\"WebSite\",\"@id\":\"https:\/\/www.fairtrade.lv\/#website\",\"url\":\"https:\/\/www.fairtrade.lv\/\",\"name\":\"Fairtrade LV\",\"description\":\"Just another Reilukauppa Baltic site\",\"potentialAction\":[{\"@type\":\"SearchAction\",\"target\":{\"@type\":\"EntryPoint\",\"urlTemplate\":\"https:\/\/www.fairtrade.lv\/?s={search_term_string}\"},\"query-input\":\"required name=search_term_string\"}],\"inLanguage\":\"ru-RU\"},{\"@type\":\"WebPage\",\"@id\":\"https:\/\/www.fairtrade.lv\/ru\/#webpage\",\"url\":\"https:\/\/www.fairtrade.lv\/ru\/\",\"name\":\"Priek\\u0161\\u0113j\\u0101 lapa - Fairtrade LV\",\"isPartOf\":{\"@id\":\"https:\/\/www.fairtrade.lv\/#website\"},\"datePublished\":\"2020-12-28T10:29:51+00:00\",\"dateModified\":\"2020-12-30T11:41:19+00:00\",\"breadcrumb\":{\"@id\":\"https:\/\/www.fairtrade.lv\/ru\/#breadcrumb\"},\"inLanguage\":\"ru-RU\",\"potentialAction\":[{\"@type\":\"ReadAction\",\"target\":[\"https:\/\/www.fairtrade.lv\/ru\/\"]}]},{\"@type\":\"BreadcrumbList\",\"@id\":\"https:\/\/www.fairtrade.lv\/ru\/#breadcrumb\",\"itemListElement\":[{\"@type\":\"ListItem\",\"position\":1,\"name\":\"Home\",\"item\":\"https:\/\/www.fairtrade.lv\/ru\/\"},{\"@type\":\"ListItem\",\"position\":2,\"name\":\"Priek\\u0161\\u0113j\\u0101 lapa\"}]}]}<\/script>\n<!-- \/ Yoast SEO plugin. -->","yoast_head_json":{"robots":{"index":"index","follow":"follow","max-snippet":"max-snippet:-1","max-image-preview":"max-image-preview:large","max-video-preview":"max-video-preview:-1"},"canonical":"https:\/\/www.fairtrade.lv\/ru\/","og_locale":"ru_RU","og_type":"article","og_title":"Priek\u0161\u0113j\u0101 lapa - Fairtrade LV","og_url":"https:\/\/www.fairtrade.lv\/ru\/","og_site_name":"Fairtrade LV","article_modified_time":"2020-12-30T11:41:19+00:00","twitter_card":"summary_large_image","schema":{"@context":"https:\/\/schema.org","@graph":[{"@type":"WebSite","@id":"https:\/\/www.fairtrade.lv\/#website","url":"https:\/\/www.fairtrade.lv\/","name":"Fairtrade LV","description":"Just another Reilukauppa Baltic site","potentialAction":[{"@type":"SearchAction","target":{"@type":"EntryPoint","urlTemplate":"https:\/\/www.fairtrade.lv\/?s={search_term_string}"},"query-input":"required name=search_term_string"}],"inLanguage":"ru-RU"},{"@type":"WebPage","@id":"https:\/\/www.fairtrade.lv\/ru\/#webpage","url":"https:\/\/www.fairtrade.lv\/ru\/","name":"Priek\u0161\u0113j\u0101 lapa - Fairtrade LV","isPartOf":{"@id":"https:\/\/www.fairtrade.lv\/#website"},"datePublished":"2020-12-28T10:29:51+00:00","dateModified":"2020-12-30T11:41:19+00:00","breadcrumb":{"@id":"https:\/\/www.fairtrade.lv\/ru\/#breadcrumb"},"inLanguage":"ru-RU","potentialAction":[{"@type":"ReadAction","target":["https:\/\/www.fairtrade.lv\/ru\/"]}]},{"@type":"BreadcrumbList","@id":"https:\/\/www.fairtrade.lv\/ru\/#breadcrumb","itemListElement":[{"@type":"ListItem","position":1,"name":"Home","item":"https:\/\/www.fairtrade.lv\/ru\/"},{"@type":"ListItem","position":2,"name":"Priek\u0161\u0113j\u0101 lapa"}]}]}},"_links":{"self":[{"href":"https:\/\/www.fairtrade.lv\/ru\/wp-json\/wp\/v2\/pages\/208"}],"collection":[{"href":"https:\/\/www.fairtrade.lv\/ru\/wp-json\/wp\/v2\/pages"}],"about":[{"href":"https:\/\/www.fairtrade.lv\/ru\/wp-json\/wp\/v2\/types\/page"}],"author":[{"embeddable":true,"href":"https:\/\/www.fairtrade.lv\/ru\/wp-json\/wp\/v2\/users\/1"}],"replies":[{"embeddable":true,"href":"https:\/\/www.fairtrade.lv\/ru\/wp-json\/wp\/v2\/comments?post=208"}],"version-history":[{"count":4,"href":"https:\/\/www.fairtrade.lv\/ru\/wp-json\/wp\/v2\/pages\/208\/revisions"}],"predecessor-version":[{"id":315,"href":"https:\/\/www.fairtrade.lv\/ru\/wp-json\/wp\/v2\/pages\/208\/revisions\/315"}],"wp:attachment":[{"href":"https:\/\/www.fairtrade.lv\/ru\/wp-json\/wp\/v2\/media?parent=208"}],"curies":[{"name":"wp","href":"https:\/\/api.w.org\/{rel}","templated":true}]}}